{"id":2272,"date":"2025-05-29T14:08:29","date_gmt":"2025-05-29T14:08:29","guid":{"rendered":"https:\/\/grimauconstruccions.com\/?page_id=2272"},"modified":"2026-02-03T14:49:10","modified_gmt":"2026-02-03T14:49:10","slug":"declaracion-de-accesibilidad","status":"publish","type":"page","link":"https:\/\/grimauconstruccions.com\/es\/declaracion-de-accesibilidad\/","title":{"rendered":"Declaraci\u00f3n de accesibilidad"},"content":{"rendered":"<div data-elementor-type=\"wp-page\" data-elementor-id=\"2272\" class=\"elementor elementor-2272\" data-elementor-post-type=\"page\">\n\t\t\t\t<div class=\"elementor-element elementor-element-72bf8ee e-flex e-con-boxed e-con e-parent\" data-id=\"72bf8ee\" data-element_type=\"container\" data-e-type=\"container\">\n\t\t\t\t\t<div class=\"e-con-inner\">\n\t\t\t\t<div class=\"elementor-element elementor-element-44b0d48 elementor-widget elementor-widget-heading\" data-id=\"44b0d48\" data-element_type=\"widget\" data-e-type=\"widget\" data-widget_type=\"heading.default\">\n\t\t\t\t<div class=\"elementor-widget-container\">\n\t\t\t\t\t<h1 class=\"elementor-heading-title elementor-size-default\">Declaraci\u00f3n de accesibilidad<\/h1>\t\t\t\t<\/div>\n\t\t\t\t<\/div>\n\t\t\t\t<div class=\"elementor-element elementor-element-5ae89ed elementor-widget elementor-widget-text-editor\" data-id=\"5ae89ed\" data-element_type=\"widget\" data-e-type=\"widget\" data-widget_type=\"text-editor.default\">\n\t\t\t\t<div class=\"elementor-widget-container\">\n\t\t\t\t\t\t\t\t\t<p><span style=\"font-weight: 400;\">Estamos comprometidos a hacer accesible nuestro sitio web de conformidad con el Real decreto 1112\/2018, de 7 de septiembre, sobre la accesibilidad de los sitios web y aplicaciones para dispositivos m\u00f3viles del sector p\u00fablico (en adelante, Real decreto 1112\/2018, de 7 de septiembre).<\/span><\/p><p><b>Situaci\u00f3n de cumplimiento<\/b><\/p><p><span style=\"font-weight: 400;\">Este sitio web es parcialmente conforme al Real decreto 1112\/2018, de 7 de septiembre, debido a la falta de conformidad de los aspectos que se indican a continuaci\u00f3n.<\/span><\/p><p><b>Contenido no accesible<\/b><\/p><p><span style=\"font-weight: 400;\">El contenido que se recoge a continuaci\u00f3n no es accesible por las siguientes razones:<\/span><\/p><ul><li style=\"font-weight: 400;\" aria-level=\"1\"><span style=\"font-weight: 400;\">Carga desproporcionada: no se aplica.<\/span><\/li><\/ul><p><b>Preparaci\u00f3n de la presente declaraci\u00f3n de accesibilidad<\/b><\/p><p><span style=\"font-weight: 400;\">La presente declaraci\u00f3n fue preparada el <strong>25<\/strong><\/span><b>\u00a0de mayo de 2025<\/b><span style=\"font-weight: 400;\">. El m\u00e9todo empleado para preparar la declaraci\u00f3n ha sido una autoevaluaci\u00f3n realizada por el propio organismo.<\/span><\/p><p><b>Observaciones y datos de contacto<\/b><\/p><p><span style=\"font-weight: 400;\">Puede realizar comunicaciones sobre los requisitos de accesibilidad (art\u00edculo 10.2.a) del Real Decreto 1112\/2018, de 7 de septiembre), tales como:<\/span><\/p><ul><li style=\"font-weight: 400;\" aria-level=\"1\"><span style=\"font-weight: 400;\">Informar sobre cualquier posible incumplimiento por este sitio web.<\/span><\/li><li style=\"font-weight: 400;\" aria-level=\"1\"><span style=\"font-weight: 400;\">Transmitir otras dificultades de acceso al contenido.<\/span><\/li><li style=\"font-weight: 400;\" aria-level=\"1\"><span style=\"font-weight: 400;\">Formular cualquier otra consulta o sugerencia de mejora relativa a la accesibilidad del sitio web.<\/span><\/li><\/ul><p><span style=\"font-weight: 400;\">A trav\u00e9s de las siguientes v\u00edas:<\/span><\/p><ul><li style=\"font-weight: 400;\" aria-level=\"1\"><b>Correo electr\u00f3nico: <a style=\"font-style: inherit; font-weight: inherit; background-color: #ffffff;\" href=\"mailto:info@grimauconstruccions.com\">info@grimauconstruccions.com<\/a><\/b><\/li><li style=\"font-weight: 400;\" aria-level=\"1\"><b>Tel\u00e9fono: <span style=\"font-style: inherit;\">697 482 869<\/span><\/b><\/li><\/ul><p><span style=\"font-weight: 400;\">Las comunicaciones ser\u00e1n recibidas y tratadas por la direcci\u00f3n de la empresa, como unidad responsable de los contenidos de este sitio web.<\/span><\/p><p><b>Contenido opcional<\/b><\/p><p><span style=\"font-weight: 400;\">La versi\u00f3n actualmente visible de este sitio web es <\/span><b>de mayo 2025<\/b><span style=\"font-weight: 400;\"> y en esa fecha se hizo la revisi\u00f3n del nivel de accesibilidad vigente en ese momento. A partir de esa fecha, se llevan a cabo revisiones parciales diarias del contenido web nuevo o modificado, tanto de las plantillas como de las p\u00e1ginas y documentos finales publicados, a fin de asegurar el cumplimiento de los requisitos de accesibilidad de la Norma UNE-EN 301549:2019, considerando las excepciones del Real Decreto 1112\/70.<\/span><\/p><p><span style=\"font-weight: 400;\">Entre otras, se adoptan las siguientes medidas para facilitar la accesibilidad:<\/span><\/p><ul><li style=\"font-weight: 400;\" aria-level=\"1\"><span style=\"font-weight: 400;\">Utilizaci\u00f3n de texto alternativo en las im\u00e1genes.<\/span><\/li><li style=\"font-weight: 400;\" aria-level=\"1\"><span style=\"font-weight: 400;\">Los enlaces ofrecen detalles de la funci\u00f3n o destino del hiperv\u00ednculo.<\/span><\/li><li style=\"font-weight: 400;\" aria-level=\"1\"><span style=\"font-weight: 400;\">Uso de los est\u00e1ndares de W3C: XHTML 1.0, CSS 3.0, WAI AA.<\/span><\/li><\/ul>\t\t\t\t\t\t\t\t<\/div>\n\t\t\t\t<\/div>\n\t\t\t\t\t<\/div>\n\t\t\t\t<\/div>\n\t\t\t\t<\/div>","protected":false},"excerpt":{"rendered":"<p>Estem compromesos a fer accessible el nostre lloc web de conformitat amb el Reial decret 1112\/2018, de 7 de setembre, sobre l\u2019accessibilitat dels llocs web i aplicacions per a dispositius m\u00f2bils del sector p\u00fablic (en endavant, Reial decret 1112\/2018, de 7 de setembre). Situaci\u00f3 de compliment Aquest lloc web \u00e9s parcialment conforme amb el Reial [&hellip;]<\/p>\n","protected":false},"author":1,"featured_media":0,"parent":0,"menu_order":0,"comment_status":"closed","ping_status":"closed","template":"","meta":{"site-sidebar-layout":"no-sidebar","site-content-layout":"page-builder","ast-site-content-layout":"full-width-container","site-content-style":"default","site-sidebar-style":"default","ast-global-header-display":"","ast-banner-title-visibility":"","ast-main-header-display":"","ast-hfb-above-header-display":"","ast-hfb-below-header-display":"","ast-hfb-mobile-header-display":"","site-post-title":"disabled","ast-breadcrumbs-content":"","ast-featured-img":"disabled","footer-sml-layout":"","ast-disable-related-posts":"","theme-transparent-header-meta":"","adv-header-id-meta":"","stick-header-meta":"","header-above-stick-meta":"","header-main-stick-meta":"","header-below-stick-meta":"","astra-migrate-meta-layouts":"set","ast-page-background-enabled":"default","ast-page-background-meta":{"desktop":{"background-color":"","background-image":"","background-repeat":"repeat","background-position":"center center","background-size":"auto","background-attachment":"scroll","background-type":"","background-media":"","overlay-type":"","overlay-color":"","overlay-opacity":"","overlay-gradient":""},"tablet":{"background-color":"","background-image":"","background-repeat":"repeat","background-position":"center center","background-size":"auto","background-attachment":"scroll","background-type":"","background-media":"","overlay-type":"","overlay-color":"","overlay-opacity":"","overlay-gradient":""},"mobile":{"background-color":"","background-image":"","background-repeat":"repeat","background-position":"center center","background-size":"auto","background-attachment":"scroll","background-type":"","background-media":"","overlay-type":"","overlay-color":"","overlay-opacity":"","overlay-gradient":""}},"ast-content-background-meta":{"desktop":{"background-color":"var(--ast-global-color-5)","background-image":"","background-repeat":"repeat","background-position":"center center","background-size":"auto","background-attachment":"scroll","background-type":"","background-media":"","overlay-type":"","overlay-color":"","overlay-opacity":"","overlay-gradient":""},"tablet":{"background-color":"var(--ast-global-color-5)","background-image":"","background-repeat":"repeat","background-position":"center center","background-size":"auto","background-attachment":"scroll","background-type":"","background-media":"","overlay-type":"","overlay-color":"","overlay-opacity":"","overlay-gradient":""},"mobile":{"background-color":"var(--ast-global-color-5)","background-image":"","background-repeat":"repeat","background-position":"center center","background-size":"auto","background-attachment":"scroll","background-type":"","background-media":"","overlay-type":"","overlay-color":"","overlay-opacity":"","overlay-gradient":""}},"footnotes":""},"class_list":["post-2272","page","type-page","status-publish","hentry"],"_links":{"self":[{"href":"https:\/\/grimauconstruccions.com\/es\/wp-json\/wp\/v2\/pages\/2272","targetHints":{"allow":["GET"]}}],"collection":[{"href":"https:\/\/grimauconstruccions.com\/es\/wp-json\/wp\/v2\/pages"}],"about":[{"href":"https:\/\/grimauconstruccions.com\/es\/wp-json\/wp\/v2\/types\/page"}],"author":[{"embeddable":true,"href":"https:\/\/grimauconstruccions.com\/es\/wp-json\/wp\/v2\/users\/1"}],"replies":[{"embeddable":true,"href":"https:\/\/grimauconstruccions.com\/es\/wp-json\/wp\/v2\/comments?post=2272"}],"version-history":[{"count":7,"href":"https:\/\/grimauconstruccions.com\/es\/wp-json\/wp\/v2\/pages\/2272\/revisions"}],"predecessor-version":[{"id":2545,"href":"https:\/\/grimauconstruccions.com\/es\/wp-json\/wp\/v2\/pages\/2272\/revisions\/2545"}],"wp:attachment":[{"href":"https:\/\/grimauconstruccions.com\/es\/wp-json\/wp\/v2\/media?parent=2272"}],"curies":[{"name":"wp","href":"https:\/\/api.w.org\/{rel}","templated":true}]}}