{"id":861,"date":"2025-04-01T13:17:18","date_gmt":"2025-04-01T13:17:18","guid":{"rendered":"https:\/\/grimauconstruccions.com\/about-us\/"},"modified":"2025-05-30T09:32:17","modified_gmt":"2025-05-30T09:32:17","slug":"historia","status":"publish","type":"page","link":"https:\/\/grimauconstruccions.com\/es\/historia\/","title":{"rendered":"Historia"},"content":{"rendered":"<div data-elementor-type=\"wp-post\" data-elementor-id=\"861\" class=\"elementor elementor-861\" data-elementor-post-type=\"page\">\n\t\t\t\t<div class=\"elementor-element elementor-element-57f3dc9 e-con-full e-flex e-con e-parent\" data-id=\"57f3dc9\" data-element_type=\"container\" data-e-type=\"container\" data-settings=\"{&quot;background_background&quot;:&quot;classic&quot;}\">\n\t\t\t\t<\/div>\n\t\t<div class=\"elementor-element elementor-element-8959209 e-flex e-con-boxed e-con e-parent\" data-id=\"8959209\" data-element_type=\"container\" data-e-type=\"container\" data-settings=\"{&quot;background_background&quot;:&quot;classic&quot;}\">\n\t\t\t\t\t<div class=\"e-con-inner\">\n\t\t<div class=\"elementor-element elementor-element-99981f0 e-con-full e-flex e-con e-child\" data-id=\"99981f0\" data-element_type=\"container\" data-e-type=\"container\">\n\t\t\t\t<div class=\"elementor-element elementor-element-29ddee7 elementor-widget elementor-widget-heading\" data-id=\"29ddee7\" data-element_type=\"widget\" data-e-type=\"widget\" data-widget_type=\"heading.default\">\n\t\t\t\t<div class=\"elementor-widget-container\">\n\t\t\t\t\t<h1 class=\"elementor-heading-title elementor-size-default\">Una Mica de Historia<\/h1>\t\t\t\t<\/div>\n\t\t\t\t<\/div>\n\t\t\t\t<div class=\"elementor-element elementor-element-e6c10aa elementor-widget-divider--view-line elementor-widget elementor-widget-divider\" data-id=\"e6c10aa\" data-element_type=\"widget\" data-e-type=\"widget\" data-widget_type=\"divider.default\">\n\t\t\t\t<div class=\"elementor-widget-container\">\n\t\t\t\t\t\t\t<div class=\"elementor-divider\">\n\t\t\t<span class=\"elementor-divider-separator\">\n\t\t\t\t\t\t<\/span>\n\t\t<\/div>\n\t\t\t\t\t\t<\/div>\n\t\t\t\t<\/div>\n\t\t\t\t<\/div>\n\t\t\t\t\t<\/div>\n\t\t\t\t<\/div>\n\t\t<div class=\"elementor-element elementor-element-39a756e5 e-con-full e-flex e-con e-parent\" data-id=\"39a756e5\" data-element_type=\"container\" data-e-type=\"container\" data-settings=\"{&quot;background_background&quot;:&quot;classic&quot;}\">\n\t\t<div class=\"elementor-element elementor-element-51f41834 e-con-full e-flex e-con e-child\" data-id=\"51f41834\" data-element_type=\"container\" data-e-type=\"container\">\n\t\t<div class=\"elementor-element elementor-element-1cda2b14 e-con-full e-flex e-con e-child\" data-id=\"1cda2b14\" data-element_type=\"container\" data-e-type=\"container\">\n\t\t<div class=\"elementor-element elementor-element-47eede65 e-con-full e-flex e-con e-child\" data-id=\"47eede65\" data-element_type=\"container\" data-e-type=\"container\" data-settings=\"{&quot;background_background&quot;:&quot;classic&quot;}\">\n\t\t\t\t<div class=\"elementor-element elementor-element-1dad0fcc elementor-widget elementor-widget-text-editor\" data-id=\"1dad0fcc\" data-element_type=\"widget\" data-e-type=\"widget\" data-widget_type=\"text-editor.default\">\n\t\t\t\t<div class=\"elementor-widget-container\">\n\t\t\t\t\t\t\t\t\t<p><strong>Grimau Construccions SL<\/strong> es una empresa con 50 a\u00f1os de experiencia en el <strong>mundo de la construcci\u00f3n,<\/strong> ubicada en<strong> Sant Mart\u00ed Sarroca, en el Alt Pened\u00e8s.<\/strong> Se dedica a ofrecer a sus clientes todos los servicios relacionados con el sector de la construcci\u00f3n.<\/p>\t\t\t\t\t\t\t\t<\/div>\n\t\t\t\t<\/div>\n\t\t\t\t<div class=\"elementor-element elementor-element-c0cd6d5 elementor-widget elementor-widget-text-editor\" data-id=\"c0cd6d5\" data-element_type=\"widget\" data-e-type=\"widget\" data-widget_type=\"text-editor.default\">\n\t\t\t\t<div class=\"elementor-widget-container\">\n\t\t\t\t\t\t\t\t\t<p>La principal preocupaci\u00f3n de la empresa ha sido siempre ofrecer una buena atenci\u00f3n al cliente y al mismo tiempo mostrarles el mismo trato y la misma calidad, independientemente de si los encargos son de obras menores o mayores.<\/p><p>Debido a la dilatada experiencia en el sector se puede <strong>ofrecer una alta calidad constructiva<\/strong> en cualquier tipo de obra, ya sea obra nueva o rehabilitaci\u00f3n.<\/p><p>En los \u00faltimos 15 a\u00f1os, aparte de muchos trabajos de <strong>rehabilitaci\u00f3n, locales comerciales y naves industriales<\/strong>, se ha destacado en la construcci\u00f3n de <strong>m\u00e1s de 45 casas unifamiliares,<\/strong> algunas entremedianeras, y otras, tipos aisladas o chalet en diferentes pueblos de la comarca, con superficies construidas que oscilan entre los 90 m2, la m\u00e1s peque\u00f1a, y los 1000 m2, la mayor. Todas por encargo de clientes.<\/p><p>En los inicios, en la empresa s\u00f3lo se hac\u00edan trabajos de alba\u00f1iler\u00eda tradicional, pero con el paso de los a\u00f1os se ha ido especializando en <strong>estructuras y muros de hormig\u00f3n<\/strong>, hechos por personal de la empresa sin subcontratar, y de esta forma se ha podido aumentar la calidad rebajando el precio final sustancialmente, y de rebote, se ha logrado una relaci\u00f3n calidad precio muy competitiva.<\/p>\t\t\t\t\t\t\t\t<\/div>\n\t\t\t\t<\/div>\n\t\t\t\t<\/div>\n\t\t<div class=\"elementor-element elementor-element-1d29f8ae e-con-full e-flex elementor-invisible e-con e-child\" data-id=\"1d29f8ae\" data-element_type=\"container\" data-e-type=\"container\" data-settings=\"{&quot;background_background&quot;:&quot;classic&quot;,&quot;animation&quot;:&quot;fadeInRight&quot;}\">\n\t\t\t\t<\/div>\n\t\t\t\t<\/div>\n\t\t\t\t<\/div>\n\t\t\t\t<\/div>\n\t\t<div class=\"elementor-element elementor-element-db74ff9 e-con-full e-flex e-con e-parent\" data-id=\"db74ff9\" data-element_type=\"container\" data-e-type=\"container\" data-settings=\"{&quot;background_background&quot;:&quot;classic&quot;}\">\n\t\t<div class=\"elementor-element elementor-element-58859a3 e-con-full e-flex elementor-invisible e-con e-child\" data-id=\"58859a3\" data-element_type=\"container\" data-e-type=\"container\" data-settings=\"{&quot;background_background&quot;:&quot;classic&quot;,&quot;animation&quot;:&quot;fadeInLeft&quot;}\">\n\t\t\t\t<div class=\"elementor-element elementor-element-f85f2b5 elementor-widget elementor-widget-heading\" data-id=\"f85f2b5\" data-element_type=\"widget\" data-e-type=\"widget\" data-widget_type=\"heading.default\">\n\t\t\t\t<div class=\"elementor-widget-container\">\n\t\t\t\t\t<h3 class=\"elementor-heading-title elementor-size-default\">Nuestro ADN<\/h3>\t\t\t\t<\/div>\n\t\t\t\t<\/div>\n\t\t\t\t<div class=\"elementor-element elementor-element-10177a1 elementor-widget-divider--view-line elementor-widget elementor-widget-divider\" data-id=\"10177a1\" data-element_type=\"widget\" data-e-type=\"widget\" data-widget_type=\"divider.default\">\n\t\t\t\t<div class=\"elementor-widget-container\">\n\t\t\t\t\t\t\t<div class=\"elementor-divider\">\n\t\t\t<span class=\"elementor-divider-separator\">\n\t\t\t\t\t\t<\/span>\n\t\t<\/div>\n\t\t\t\t\t\t<\/div>\n\t\t\t\t<\/div>\n\t\t\t\t<\/div>\n\t\t<div class=\"elementor-element elementor-element-1daa83e e-con-full e-flex e-con e-child\" data-id=\"1daa83e\" data-element_type=\"container\" data-e-type=\"container\" data-settings=\"{&quot;background_background&quot;:&quot;classic&quot;}\">\n\t\t<div class=\"elementor-element elementor-element-1ea08bf e-con-full e-flex e-con e-child\" data-id=\"1ea08bf\" data-element_type=\"container\" data-e-type=\"container\" data-settings=\"{&quot;background_background&quot;:&quot;classic&quot;}\">\n\t\t<div class=\"elementor-element elementor-element-0c58c81 e-con-full e-flex e-con e-child\" data-id=\"0c58c81\" data-element_type=\"container\" data-e-type=\"container\">\n\t\t\t\t<div class=\"elementor-element elementor-element-2037666 elementor-widget elementor-widget-uael-infobox\" data-id=\"2037666\" data-element_type=\"widget\" data-e-type=\"widget\" data-widget_type=\"uael-infobox.default\">\n\t\t\t\t<div class=\"elementor-widget-container\">\n\t\t\t\t\t\n<div class=\"uael-module-content uael-infobox  uael-infobox-left  uael-infobox-link-type-none\">\n\t<div class=\"uael-infobox-left-right-wrap\">\n\t\t\t\t\t\t<div class=\"uael-infobox-content\">\n\t\t\t\t\t\t<div class='uael-infobox-title-wrap'><h3 class=\"uael-infobox-title elementor-inline-editing\" data-elementor-setting-key=\"infobox_title\" data-elementor-inline-editing-toolbar=\"basic\" >Visi\u00f3n<\/h3><\/div>\t\t\t\t\t\t\t\t\t<div class=\"uael-infobox-text-wrap\">\n\t\t\t\t<div class=\"uael-infobox-text elementor-inline-editing\" data-elementor-setting-key=\"infobox_description\" data-elementor-inline-editing-toolbar=\"advanced\">\n\t\t\t\t\tQuien dolore ipsum quia dolor sit almen, consectetur adipisci velido, sed quia non numquam eius modi tempora puerro ame. \t\t\t\t<\/div>\n\t\t\t\t\t\n\t\t\t\t\t\t\t<\/div>\n\t\t<\/div>\n\t\t\t<\/div>\n<\/div>\n\t\t\t\t<\/div>\n\t\t\t\t<\/div>\n\t\t\t\t<\/div>\n\t\t<div class=\"elementor-element elementor-element-4ce528c e-con-full e-flex e-con e-child\" data-id=\"4ce528c\" data-element_type=\"container\" data-e-type=\"container\">\n\t\t\t\t<div class=\"elementor-element elementor-element-65e1161 elementor-widget elementor-widget-uael-infobox\" data-id=\"65e1161\" data-element_type=\"widget\" data-e-type=\"widget\" data-widget_type=\"uael-infobox.default\">\n\t\t\t\t<div class=\"elementor-widget-container\">\n\t\t\t\t\t\n<div class=\"uael-module-content uael-infobox  uael-infobox-left  uael-infobox-link-type-none\">\n\t<div class=\"uael-infobox-left-right-wrap\">\n\t\t\t\t\t\t<div class=\"uael-infobox-content\">\n\t\t\t\t\t\t<div class='uael-infobox-title-wrap'><h3 class=\"uael-infobox-title elementor-inline-editing\" data-elementor-setting-key=\"infobox_title\" data-elementor-inline-editing-toolbar=\"basic\" > Misi\u00f3n<\/h3><\/div>\t\t\t\t\t\t\t\t\t<div class=\"uael-infobox-text-wrap\">\n\t\t\t\t<div class=\"uael-infobox-text elementor-inline-editing\" data-elementor-setting-key=\"infobox_description\" data-elementor-inline-editing-toolbar=\"advanced\">\n\t\t\t\t\tLorem luctus ipsum dolor sit amito, \u00e9lite. Ud \u00e9lite tellus, luctus nec ollam corper mattis, leo pulvinar dapibus dolor luctus.\t\t\t\t<\/div>\n\t\t\t\t\t\n\t\t\t\t\t\t\t<\/div>\n\t\t<\/div>\n\t\t\t<\/div>\n<\/div>\n\t\t\t\t<\/div>\n\t\t\t\t<\/div>\n\t\t\t\t<\/div>\n\t\t<div class=\"elementor-element elementor-element-4b7564c e-con-full e-flex e-con e-child\" data-id=\"4b7564c\" data-element_type=\"container\" data-e-type=\"container\">\n\t\t\t\t<div class=\"elementor-element elementor-element-489e0ac elementor-widget elementor-widget-uael-infobox\" data-id=\"489e0ac\" data-element_type=\"widget\" data-e-type=\"widget\" data-widget_type=\"uael-infobox.default\">\n\t\t\t\t<div class=\"elementor-widget-container\">\n\t\t\t\t\t\n<div class=\"uael-module-content uael-infobox  uael-infobox-left  uael-infobox-link-type-none\">\n\t<div class=\"uael-infobox-left-right-wrap\">\n\t\t\t\t\t\t<div class=\"uael-infobox-content\">\n\t\t\t\t\t\t<div class='uael-infobox-title-wrap'><h3 class=\"uael-infobox-title elementor-inline-editing\" data-elementor-setting-key=\"infobox_title\" data-elementor-inline-editing-toolbar=\"basic\" >Valores<\/h3><\/div>\t\t\t\t\t\t\t\t\t<div class=\"uael-infobox-text-wrap\">\n\t\t\t\t<div class=\"uael-infobox-text elementor-inline-editing\" data-elementor-setting-key=\"infobox_description\" data-elementor-inline-editing-toolbar=\"advanced\">\n\t\t\t\t\tNeco puerro quisquam est, quiipsum quia dolor sit almen, consectetur adipisci numquam eius modi tempora incidunt.\t\t\t\t<\/div>\n\t\t\t\t\t\n\t\t\t\t\t\t\t<\/div>\n\t\t<\/div>\n\t\t\t<\/div>\n<\/div>\n\t\t\t\t<\/div>\n\t\t\t\t<\/div>\n\t\t\t\t<\/div>\n\t\t\t\t<\/div>\n\t\t\t\t<\/div>\n\t\t\t\t<\/div>\n\t\t<div class=\"elementor-element elementor-element-91cdfea e-con-full e-flex e-con e-parent\" data-id=\"91cdfea\" data-element_type=\"container\" data-e-type=\"container\" data-settings=\"{&quot;background_background&quot;:&quot;classic&quot;}\">\n\t\t<div class=\"elementor-element elementor-element-ec6c3a9 e-con-full e-flex e-con e-child\" data-id=\"ec6c3a9\" data-element_type=\"container\" data-e-type=\"container\">\n\t\t<div class=\"elementor-element elementor-element-44abc27 e-con-full e-flex e-con e-child\" data-id=\"44abc27\" data-element_type=\"container\" data-e-type=\"container\">\n\t\t<div class=\"elementor-element elementor-element-cf2d74c e-con-full e-flex e-con e-child\" data-id=\"cf2d74c\" data-element_type=\"container\" data-e-type=\"container\" data-settings=\"{&quot;background_background&quot;:&quot;classic&quot;}\">\n\t\t\t\t<div class=\"elementor-element elementor-element-3d24efd elementor-widget elementor-widget-heading\" data-id=\"3d24efd\" data-element_type=\"widget\" data-e-type=\"widget\" data-widget_type=\"heading.default\">\n\t\t\t\t<div class=\"elementor-widget-container\">\n\t\t\t\t\t<h2 class=\"elementor-heading-title elementor-size-default\">C\u00f3mo funcionamos<\/h2>\t\t\t\t<\/div>\n\t\t\t\t<\/div>\n\t\t\t\t<div class=\"elementor-element elementor-element-1468191 elementor-widget-divider--view-line elementor-widget elementor-widget-divider\" data-id=\"1468191\" data-element_type=\"widget\" data-e-type=\"widget\" data-widget_type=\"divider.default\">\n\t\t\t\t<div class=\"elementor-widget-container\">\n\t\t\t\t\t\t\t<div class=\"elementor-divider\">\n\t\t\t<span class=\"elementor-divider-separator\">\n\t\t\t\t\t\t<\/span>\n\t\t<\/div>\n\t\t\t\t\t\t<\/div>\n\t\t\t\t<\/div>\n\t\t\t\t<div class=\"elementor-element elementor-element-b700ae7 elementor-widget elementor-widget-text-editor\" data-id=\"b700ae7\" data-element_type=\"widget\" data-e-type=\"widget\" data-widget_type=\"text-editor.default\">\n\t\t\t\t<div class=\"elementor-widget-container\">\n\t\t\t\t\t\t\t\t\t<p><strong>Joan Grimau Construccions SL<\/strong> siempre se amolda a la idea que puede tener el cliente<\/p>\t\t\t\t\t\t\t\t<\/div>\n\t\t\t\t<\/div>\n\t\t\t\t<div class=\"elementor-element elementor-element-d656555 elementor-widget elementor-widget-text-editor\" data-id=\"d656555\" data-element_type=\"widget\" data-e-type=\"widget\" data-widget_type=\"text-editor.default\">\n\t\t\t\t<div class=\"elementor-widget-container\">\n\t\t\t\t\t\t\t\t\t<p>Tanto si s\u00f3lo pide el <strong>servicio de paleter\u00eda y estructura<\/strong> para poder colocar a los diferentes industriales de su confianza, como pueden ser<strong> fontaner\u00eda, aluminio, carpinter\u00eda, pintura etc.<\/strong>, como si la empresa gestiona y coordina todos los trabajos mencionados para entregar la obra terminada. Todo bajo la responsabilidad de la empresa.<\/p><p>Joan Grimau Construccions SL elabora el <strong>presupuesto seg\u00fan indicaciones del cliente o del propio arquitecto<\/strong>, en funci\u00f3n de si se trata de una obra menor o mayor respectivamente. Una vez llegado a un acuerdo con el cliente se realiza la elaboraci\u00f3n de un contrato de obra, el cual regula la totalidad de los aspectos necesarios que pueden interferir en la correcta evoluci\u00f3n de la obra: fecha de inicio, plazos de ejecuci\u00f3n, garant\u00edas, facturaciones, pagos, entre otros puntos. Todo por tal <strong>llegar en un punto de equilibrio entre el cliente y la empresa<\/strong> con el objetivo de satisfacer correctamente las necesidades del cliente.<\/p><p>Seguidamente, se realiza la obra seg\u00fan las indicaciones de la propiedad yo del arquitecto, y tambi\u00e9n seg\u00fan las condiciones establecidas en el contrato.<\/p>\t\t\t\t\t\t\t\t<\/div>\n\t\t\t\t<\/div>\n\t\t\t\t<\/div>\n\t\t<div class=\"elementor-element elementor-element-fadf813 e-con-full e-flex elementor-invisible e-con e-child\" data-id=\"fadf813\" data-element_type=\"container\" data-e-type=\"container\" data-settings=\"{&quot;background_background&quot;:&quot;classic&quot;,&quot;animation&quot;:&quot;fadeInRight&quot;}\">\n\t\t\t\t<\/div>\n\t\t\t\t<\/div>\n\t\t\t\t<\/div>\n\t\t\t\t<\/div>\n\t\t\t\t<\/div>","protected":false},"excerpt":{"rendered":"<p>Una Mica D\u2019Hist\u00f2ria Grimau Construccions SL \u00e9s una empresa amb 50 anys d\u2019experi\u00e8ncia en el m\u00f3n de la construcci\u00f3, ubicada a Sant Mart\u00ed Sarroca, a l\u2019Alt Pened\u00e8s. Es dedica a oferir als clients tots els serveis relacionats amb el sector de la construcci\u00f3. La principal preocupaci\u00f3 de l\u2019empresa ha sigut sempre oferir una bona atenci\u00f3 [&hellip;]<\/p>\n","protected":false},"author":1,"featured_media":0,"parent":0,"menu_order":0,"comment_status":"closed","ping_status":"closed","template":"","meta":{"site-sidebar-layout":"no-sidebar","site-content-layout":"page-builder","ast-site-content-layout":"full-width-container","site-content-style":"unboxed","site-sidebar-style":"unboxed","ast-global-header-display":"","ast-banner-title-visibility":"","ast-main-header-display":"","ast-hfb-above-header-display":"","ast-hfb-below-header-display":"","ast-hfb-mobile-header-display":"","site-post-title":"disabled","ast-breadcrumbs-content":"","ast-featured-img":"disabled","footer-sml-layout":"","ast-disable-related-posts":"","theme-transparent-header-meta":"","adv-header-id-meta":"","stick-header-meta":"default","header-above-stick-meta":"","header-main-stick-meta":"","header-below-stick-meta":"","astra-migrate-meta-layouts":"set","ast-page-background-enabled":"default","ast-page-background-meta":{"desktop":{"background-color":"","background-image":"","background-repeat":"repeat","background-position":"center center","background-size":"auto","background-attachment":"scroll","background-type":"","background-media":"","overlay-type":"","overlay-color":"","overlay-opacity":"","overlay-gradient":""},"tablet":{"background-color":"","background-image":"","background-repeat":"repeat","background-position":"center center","background-size":"auto","background-attachment":"scroll","background-type":"","background-media":"","overlay-type":"","overlay-color":"","overlay-opacity":"","overlay-gradient":""},"mobile":{"background-color":"","background-image":"","background-repeat":"repeat","background-position":"center center","background-size":"auto","background-attachment":"scroll","background-type":"","background-media":"","overlay-type":"","overlay-color":"","overlay-opacity":"","overlay-gradient":""}},"ast-content-background-meta":{"desktop":{"background-color":"var(--ast-global-color-5)","background-image":"","background-repeat":"repeat","background-position":"center center","background-size":"auto","background-attachment":"scroll","background-type":"","background-media":"","overlay-type":"","overlay-color":"","overlay-opacity":"","overlay-gradient":""},"tablet":{"background-color":"var(--ast-global-color-5)","background-image":"","background-repeat":"repeat","background-position":"center center","background-size":"auto","background-attachment":"scroll","background-type":"","background-media":"","overlay-type":"","overlay-color":"","overlay-opacity":"","overlay-gradient":""},"mobile":{"background-color":"var(--ast-global-color-5)","background-image":"","background-repeat":"repeat","background-position":"center center","background-size":"auto","background-attachment":"scroll","background-type":"","background-media":"","overlay-type":"","overlay-color":"","overlay-opacity":"","overlay-gradient":""}},"footnotes":""},"class_list":["post-861","page","type-page","status-publish","hentry"],"_links":{"self":[{"href":"https:\/\/grimauconstruccions.com\/es\/wp-json\/wp\/v2\/pages\/861","targetHints":{"allow":["GET"]}}],"collection":[{"href":"https:\/\/grimauconstruccions.com\/es\/wp-json\/wp\/v2\/pages"}],"about":[{"href":"https:\/\/grimauconstruccions.com\/es\/wp-json\/wp\/v2\/types\/page"}],"author":[{"embeddable":true,"href":"https:\/\/grimauconstruccions.com\/es\/wp-json\/wp\/v2\/users\/1"}],"replies":[{"embeddable":true,"href":"https:\/\/grimauconstruccions.com\/es\/wp-json\/wp\/v2\/comments?post=861"}],"version-history":[{"count":21,"href":"https:\/\/grimauconstruccions.com\/es\/wp-json\/wp\/v2\/pages\/861\/revisions"}],"predecessor-version":[{"id":2387,"href":"https:\/\/grimauconstruccions.com\/es\/wp-json\/wp\/v2\/pages\/861\/revisions\/2387"}],"wp:attachment":[{"href":"https:\/\/grimauconstruccions.com\/es\/wp-json\/wp\/v2\/media?parent=861"}],"curies":[{"name":"wp","href":"https:\/\/api.w.org\/{rel}","templated":true}]}}